{"id":2906,"date":"2021-04-07T12:10:04","date_gmt":"2021-04-07T12:10:04","guid":{"rendered":"https:\/\/qualitycopter.com\/?page_id=2906"},"modified":"2021-08-26T13:26:25","modified_gmt":"2021-08-26T13:26:25","slug":"vores-helikoptere","status":"publish","type":"page","link":"https:\/\/qualitycopter.com\/de\/vores-helikoptere\/","title":{"rendered":"Vores helikoptere"},"content":{"rendered":"<div id=\"fws_69e49fa4df049\"  data-column-margin=\"default\" data-midnight=\"light\"  class=\"wpb_row vc_row-fluid vc_row full-width-section parallax_section\"  style=\"padding-top: 0px; padding-bottom: 0px; \"><div class=\"row-bg-wrap\" data-bg-animation=\"none\" data-bg-animation-delay=\"\" data-bg-overlay=\"true\"><div class=\"inner-wrap row-bg-layer using-image\" ><div class=\"row-bg viewport-desktop using-image using-bg-color\" data-parallax-speed=\"fast\" style=\"background-image: url(https:\/\/qualitycopter.com\/wp-content\/uploads\/2021\/06\/DSC6124-2-scaled.jpg); background-position: center center; background-repeat: no-repeat; background-color: #ffffff; \"><\/div><\/div><div class=\"row-bg-overlay row-bg-layer\" style=\"background-color:rgba(0,0,0,0.65);  opacity: 0.95; \"><\/div><\/div><div class=\"row_col_wrap_12 col span_12 light left\">\n\t<div  class=\"vc_col-sm-12 wpb_column column_container vc_column_container col has-animation no-extra-padding inherit_tablet inherit_phone\"  data-padding-pos=\"all\" data-has-bg-color=\"false\" data-bg-color=\"\" data-bg-opacity=\"1\" data-animation=\"fade-in\" data-delay=\"0\" >\n\t\t<div class=\"vc_column-inner\" >\n\t\t\t<div class=\"wpb_wrapper\">\n\t\t\t\t<div id=\"fws_69e49fa4df9f1\" data-midnight=\"\" data-column-margin=\"default\" class=\"wpb_row vc_row-fluid vc_row inner_row vc_row-o-equal-height vc_row-flex vc_row-o-content-middle\"  style=\"padding-top: 14%; padding-bottom: 18%; \"><div class=\"row-bg-wrap\"> <div class=\"row-bg\" ><\/div> <\/div><div class=\"row_col_wrap_12_inner col span_12  left\">\n\t<div  class=\"vc_col-sm-2 vc_col-xs-12 wpb_column column_container vc_column_container col child_column no-extra-padding inherit_tablet inherit_phone\"   data-padding-pos=\"all\" data-has-bg-color=\"false\" data-bg-color=\"\" data-bg-opacity=\"1\" data-animation=\"\" data-delay=\"0\" >\n\t\t<div class=\"vc_column-inner\" >\n\t\t<div class=\"wpb_wrapper\">\n\t\t\t<div class=\"divider-wrap\" data-alignment=\"default\"><div style=\"height: 25px;\" class=\"divider\"><\/div><\/div>\n\t\t<\/div> \n\t<\/div>\n\t<\/div> \n\n\t<div  class=\"vc_col-sm-8 vc_hidden-sm vc_hidden-xs wpb_column column_container vc_column_container col child_column centered-text no-extra-padding inherit_tablet inherit_phone\"   data-padding-pos=\"all\" data-has-bg-color=\"false\" data-bg-color=\"\" data-bg-opacity=\"1\" data-animation=\"\" data-delay=\"0\" >\n\t\t<div class=\"vc_column-inner\" >\n\t\t<div class=\"wpb_wrapper\">\n\t\t\t\n<div class=\"wpb_text_column wpb_content_element\" >\n\t<div class=\"wpb_wrapper\">\n\t\t<h1 class=\"sow-headline\"><span style=\"color: #e2c675;\">Vores helikoptere<\/span><\/h1>\n\t<\/div>\n<\/div>\n\n\n\n\n\t\t<\/div> \n\t<\/div>\n\t<\/div> \n\n\t<div  class=\"vc_col-sm-2 wpb_column column_container vc_column_container col child_column no-extra-padding inherit_tablet inherit_phone\"   data-padding-pos=\"all\" data-has-bg-color=\"false\" data-bg-color=\"\" data-bg-opacity=\"1\" data-animation=\"\" data-delay=\"0\" >\n\t\t<div class=\"vc_column-inner\" >\n\t\t<div class=\"wpb_wrapper\">\n\t\t\t\n\t\t<\/div> \n\t<\/div>\n\t<\/div> \n<\/div><\/div>\n\t\t\t<\/div> \n\t\t<\/div>\n\t<\/div> \n<\/div><\/div>\n\t\t<div id=\"fws_69e49fa4e0f19\"  data-column-margin=\"90px\" data-midnight=\"dark\" data-top-percent=\"6%\" data-bottom-percent=\"3%\"  class=\"wpb_row vc_row-fluid vc_row vc_row-o-equal-height vc_row-flex vc_row-o-content-middle\"  style=\"padding-top: calc(100vw * 0.06); padding-bottom: calc(100vw * 0.03); \"><div class=\"row-bg-wrap\" data-bg-animation=\"none\" data-bg-animation-delay=\"\" data-bg-overlay=\"false\"><div class=\"inner-wrap row-bg-layer\" ><div class=\"row-bg viewport-desktop\"  style=\"\"><\/div><\/div><\/div><div class=\"row_col_wrap_12 col span_12 dark left\">\n\t<div  class=\"vc_col-sm-6 wpb_column column_container vc_column_container col no-extra-padding inherit_tablet inherit_phone\"  data-padding-pos=\"all\" data-has-bg-color=\"false\" data-bg-color=\"\" data-bg-opacity=\"1\" data-animation=\"\" data-delay=\"0\" >\n\t\t<div class=\"vc_column-inner\" >\n\t\t\t<div class=\"wpb_wrapper\">\n\t\t\t\t\n\t<div class=\"wpb_gallery wpb_content_element clearfix\">\n\t\t<div class=\"wpb_wrapper\"><div class=\"wpb_gallery_slidesparallax_image_grid\" data-onclick=\"link_image\" data-interval=\"5\"><div class=\"parallax-grid-item\"><div class=\"style-5\"><div class=\"parallaxImg\"><div class=\"parallaxImg-layer\"><img decoding=\"async\" class=\"skip-lazy\" src=\"https:\/\/qualitycopter.com\/wp-content\/uploads\/2021\/06\/LUX00154-scaled-600x400.jpg\" width=\"600\" height=\"400\" alt=\"LUX00154\" title=\"LUX00154\" loading=\"lazy\" \/><a href=\"https:\/\/qualitycopter.com\/wp-content\/uploads\/2021\/06\/LUX00154-scaled.jpg\"  class=\"default-link pretty_photo\"><\/a><\/div><\/div><\/div><\/div><div class=\"parallax-grid-item\"><div class=\"style-5\"><div class=\"parallaxImg\"><div class=\"parallaxImg-layer\"><img decoding=\"async\" class=\"skip-lazy\" src=\"https:\/\/qualitycopter.com\/wp-content\/uploads\/2021\/06\/DSC7128-scaled-600x400.jpg\" width=\"600\" height=\"400\" alt=\"_DSC7128\" title=\"_DSC7128\" loading=\"lazy\" \/><a href=\"https:\/\/qualitycopter.com\/wp-content\/uploads\/2021\/06\/DSC7128-scaled.jpg\"  class=\"default-link pretty_photo\"><\/a><\/div><\/div><\/div><\/div><div class=\"parallax-grid-item\"><div class=\"style-5\"><div class=\"parallaxImg\"><div class=\"parallaxImg-layer\"><img decoding=\"async\" class=\"skip-lazy\" src=\"https:\/\/qualitycopter.com\/wp-content\/uploads\/2021\/04\/LUX00076-scaled-600x400.jpg\" width=\"600\" height=\"400\" alt=\"LUX00076\" title=\"LUX00076\" loading=\"lazy\" \/><a href=\"https:\/\/qualitycopter.com\/wp-content\/uploads\/2021\/04\/LUX00076-scaled.jpg\"  class=\"default-link pretty_photo\"><\/a><\/div><\/div><\/div><\/div><div class=\"parallax-grid-item\"><div class=\"style-5\"><div class=\"parallaxImg\"><div class=\"parallaxImg-layer\"><img decoding=\"async\" class=\"skip-lazy\" src=\"https:\/\/qualitycopter.com\/wp-content\/uploads\/2021\/06\/DSC7005-scaled-600x400.jpg\" width=\"600\" height=\"400\" alt=\"_DSC7005\" title=\"_DSC7005\" loading=\"lazy\" \/><a href=\"https:\/\/qualitycopter.com\/wp-content\/uploads\/2021\/06\/DSC7005-scaled.jpg\"  class=\"default-link pretty_photo\"><\/a><\/div><\/div><\/div><\/div><\/div>\n\t\t<\/div> \n\t<\/div> \n\t\t\t<\/div> \n\t\t<\/div>\n\t<\/div> \n\n\t<div  class=\"vc_col-sm-6 wpb_column column_container vc_column_container col padding-2-percent inherit_tablet inherit_phone\"  data-padding-pos=\"top-bottom\" data-has-bg-color=\"false\" data-bg-color=\"\" data-bg-opacity=\"1\" data-animation=\"\" data-delay=\"0\" >\n\t\t<div class=\"vc_column-inner\" >\n\t\t\t<div class=\"wpb_wrapper\">\n\t\t\t\t<div class=\"nectar-split-heading\" data-align=\"default\" data-m-align=\"inherit\" data-text-effect=\"default\" data-animation-type=\"line-reveal-by-space\" data-animation-delay=\"0\" data-animation-offset=\"\" data-m-rm-animation=\"\" data-stagger=\"\" data-custom-font-size=\"false\" ><h2 >Guimbal Cabri G2<\/h2><\/div><div id=\"fws_69e49fa4e32b2\" data-midnight=\"\" data-column-margin=\"default\" class=\"wpb_row vc_row-fluid vc_row inner_row\"  style=\"padding-top: 20px; \"><div class=\"row-bg-wrap\"> <div class=\"row-bg\" ><\/div> <\/div><div class=\"row_col_wrap_12_inner col span_12  left\">\n\t<div  class=\"vc_col-sm-12 wpb_column column_container vc_column_container col child_column has-animation no-extra-padding inherit_tablet inherit_phone\"   data-padding-pos=\"all\" data-has-bg-color=\"false\" data-bg-color=\"\" data-bg-opacity=\"1\" data-animation=\"fade-in-from-bottom\" data-delay=\"0\" >\n\t\t<div class=\"vc_column-inner\" >\n\t\t<div class=\"wpb_wrapper\">\n\t\t\t\n<div class=\"wpb_text_column wpb_content_element\" >\n\t<div class=\"wpb_wrapper\">\n\t\t<p><strong>Motor:<\/strong> Lycoming O-360: Boksermotor, 4 cylindre, 5,9l, luftk\u00f8let.<\/p>\n<p><strong>Hestekr\u00e6fter:<\/strong> 160HK under takeoff og 145HK under flyvningen.<\/p>\n<p><strong>Br\u00e6ndstof:<\/strong> AVGAS100LL. Ved almindelig belastning, forbr\u00e6ndes der omkring 38liter i timen, hvilket giver en flyvetid p\u00e5 ca. 3,5 timer, p\u00e5 fuld tank.<\/p>\n<p><strong>M\u00e5l:<\/strong> L\u00e6ngde: 8m. H\u00f8jde 2,5m. Bredde: 7,2m.<\/p>\n<p><strong>G2:<\/strong> Cabri G2 er en nyere helikoptermodel, med mange teknologiske og mekaniske fordele. Dette g\u00f8r den ideel til skoling af elever, som senere skal op og flyve p\u00e5 st\u00f8rre og mere teknologiske maskiner<\/p>\n\t<\/div>\n<\/div>\n\n\n\n\n\t\t<\/div> \n\t<\/div>\n\t<\/div> \n<\/div><\/div>\n\t\t\t<\/div> \n\t\t<\/div>\n\t<\/div> \n<\/div><\/div>\n\t\t<div id=\"fws_69e49fa4e3d21\"  data-column-margin=\"90px\" data-midnight=\"dark\" data-bottom-percent=\"3%\"  class=\"wpb_row vc_row-fluid vc_row vc_row-o-equal-height vc_row-flex vc_row-o-content-middle  reverse_columns_column_tablet reverse_columns_column_phone\"  style=\"padding-top: 0px; padding-bottom: calc(100vw * 0.03); \"><div class=\"row-bg-wrap\" data-bg-animation=\"none\" data-bg-animation-delay=\"\" data-bg-overlay=\"false\"><div class=\"inner-wrap row-bg-layer\" ><div class=\"row-bg viewport-desktop\"  style=\"\"><\/div><\/div><\/div><div class=\"row_col_wrap_12 col span_12 dark left\">\n\t<div  class=\"vc_col-sm-6 wpb_column column_container vc_column_container col padding-2-percent inherit_tablet inherit_phone\"  data-padding-pos=\"top-bottom\" data-has-bg-color=\"false\" data-bg-color=\"\" data-bg-opacity=\"1\" data-animation=\"\" data-delay=\"0\" >\n\t\t<div class=\"vc_column-inner\" >\n\t\t\t<div class=\"wpb_wrapper\">\n\t\t\t\t<div class=\"nectar-split-heading\" data-align=\"default\" data-m-align=\"inherit\" data-text-effect=\"default\" data-animation-type=\"line-reveal-by-space\" data-animation-delay=\"0\" data-animation-offset=\"\" data-m-rm-animation=\"\" data-stagger=\"\" data-custom-font-size=\"false\" ><h2 >Robinson R44 Clipper ll<\/h2><\/div><div id=\"fws_69e49fa4e44c6\" data-midnight=\"\" data-column-margin=\"default\" class=\"wpb_row vc_row-fluid vc_row inner_row\"  style=\"padding-top: 20px; \"><div class=\"row-bg-wrap\"> <div class=\"row-bg\" ><\/div> <\/div><div class=\"row_col_wrap_12_inner col span_12  left\">\n\t<div  class=\"vc_col-sm-12 wpb_column column_container vc_column_container col child_column has-animation no-extra-padding inherit_tablet inherit_phone\"   data-padding-pos=\"all\" data-has-bg-color=\"false\" data-bg-color=\"\" data-bg-opacity=\"1\" data-animation=\"fade-in-from-bottom\" data-delay=\"0\" >\n\t\t<div class=\"vc_column-inner\" >\n\t\t<div class=\"wpb_wrapper\">\n\t\t\t\n<div class=\"wpb_text_column wpb_content_element\" >\n\t<div class=\"wpb_wrapper\">\n\t\t<p><strong>Motor:<\/strong>\u00a0Lycoming IO-540: Boksermotor, seks cylindere, 8,9l, luftk\u00f8let.<\/p>\n<p><strong>Hestekr\u00e6fter:<\/strong> 245HK under takeoff og 205HK under flyvningen.<\/p>\n<p><strong>Br\u00e6ndstof:<\/strong>\u00a0AVGAS100LL. Ved almindelig belastning, forbr\u00e6ndes der omkring 60liter i timen, hvilket giver en flyvetid p\u00e5 ca. 3 timer, p\u00e5 fuld tank.<\/p>\n<p><strong>M\u00e5l:<\/strong> L\u00e6ngde: 11,7m. H\u00f8jde: 3,3m. Bredde: 2,3m (Bredde med bladene i rotation: 10,1m.)<\/p>\n<p><strong>R44:<\/strong>\u00a0Robinson R44 er produceret i over 5800 eksemplarer, hvilket g\u00f8r den til en af verdens mest producerede helikoptere. Robinson har produceret over 12.000 helikoptere.<\/p>\n<p><strong>Type:<\/strong> Denne udgave af R44 familien, udm\u00e6rker sig med sine oppustelige pontoner, i tilf\u00e6lde af n\u00f8dlanding p\u00e5 vand.<\/p>\n\t<\/div>\n<\/div>\n\n\n\n\n\t\t<\/div> \n\t<\/div>\n\t<\/div> \n<\/div><\/div>\n\t\t\t<\/div> \n\t\t<\/div>\n\t<\/div> \n\n\t<div  class=\"vc_col-sm-6 wpb_column column_container vc_column_container col no-extra-padding inherit_tablet inherit_phone\"  data-padding-pos=\"all\" data-has-bg-color=\"false\" data-bg-color=\"\" data-bg-opacity=\"1\" data-animation=\"\" data-delay=\"0\" >\n\t\t<div class=\"vc_column-inner\" >\n\t\t\t<div class=\"wpb_wrapper\">\n\t\t\t\t\n\t<div class=\"wpb_gallery wpb_content_element clearfix\">\n\t\t<div class=\"wpb_wrapper\"><div class=\"wpb_gallery_slidesparallax_image_grid\" data-onclick=\"link_image\" data-interval=\"5\"><div class=\"parallax-grid-item\"><div class=\"style-5\"><div class=\"parallaxImg\"><div class=\"parallaxImg-layer\"><img decoding=\"async\" class=\"skip-lazy\" src=\"https:\/\/qualitycopter.com\/wp-content\/uploads\/2021\/04\/LUX00147-scaled-e1623831116474-600x400.jpg\" width=\"600\" height=\"400\" alt=\"LUX00147\" title=\"LUX00147\" loading=\"lazy\" \/><a href=\"https:\/\/qualitycopter.com\/wp-content\/uploads\/2021\/04\/LUX00147-scaled-e1623831116474.jpg\"  class=\"default-link pretty_photo\"><\/a><\/div><\/div><\/div><\/div><div class=\"parallax-grid-item\"><div class=\"style-5\"><div class=\"parallaxImg\"><div class=\"parallaxImg-layer\"><img decoding=\"async\" class=\"skip-lazy\" src=\"https:\/\/qualitycopter.com\/wp-content\/uploads\/2021\/06\/DSC8019-scaled-600x400.jpg\" width=\"600\" height=\"400\" alt=\"_DSC8019\" title=\"_DSC8019\" loading=\"lazy\" \/><a href=\"https:\/\/qualitycopter.com\/wp-content\/uploads\/2021\/06\/DSC8019-scaled.jpg\"  class=\"default-link pretty_photo\"><\/a><\/div><\/div><\/div><\/div><div class=\"parallax-grid-item\"><div class=\"style-5\"><div class=\"parallaxImg\"><div class=\"parallaxImg-layer\"><img decoding=\"async\" class=\"skip-lazy\" src=\"https:\/\/qualitycopter.com\/wp-content\/uploads\/2021\/06\/DSC7985-scaled-600x400.jpg\" width=\"600\" height=\"400\" alt=\"_DSC7985\" title=\"_DSC7985\" loading=\"lazy\" \/><a href=\"https:\/\/qualitycopter.com\/wp-content\/uploads\/2021\/06\/DSC7985-scaled.jpg\"  class=\"default-link pretty_photo\"><\/a><\/div><\/div><\/div><\/div><div class=\"parallax-grid-item\"><div class=\"style-5\"><div class=\"parallaxImg\"><div class=\"parallaxImg-layer\"><img decoding=\"async\" class=\"skip-lazy\" src=\"https:\/\/qualitycopter.com\/wp-content\/uploads\/2021\/06\/DSC7954-scaled-600x400.jpg\" width=\"600\" height=\"400\" alt=\"_DSC7954\" title=\"_DSC7954\" loading=\"lazy\" \/><a href=\"https:\/\/qualitycopter.com\/wp-content\/uploads\/2021\/06\/DSC7954-scaled.jpg\"  class=\"default-link pretty_photo\"><\/a><\/div><\/div><\/div><\/div><\/div>\n\t\t<\/div> \n\t<\/div> \n\t\t\t<\/div> \n\t\t<\/div>\n\t<\/div> \n<\/div><\/div>\n\t\t<div id=\"fws_69e49fa4e65bb\"  data-column-margin=\"90px\" data-midnight=\"dark\" data-bottom-percent=\"3%\"  class=\"wpb_row vc_row-fluid vc_row vc_row-o-equal-height vc_row-flex vc_row-o-content-middle  reverse_columns_column_tablet reverse_columns_column_phone\"  style=\"padding-top: 0px; padding-bottom: calc(100vw * 0.03); \"><div class=\"row-bg-wrap\" data-bg-animation=\"none\" data-bg-animation-delay=\"\" data-bg-overlay=\"false\"><div class=\"inner-wrap row-bg-layer\" ><div class=\"row-bg viewport-desktop\"  style=\"\"><\/div><\/div><\/div><div class=\"row_col_wrap_12 col span_12 dark left\">\n\t<div  class=\"vc_col-sm-6 wpb_column column_container vc_column_container col no-extra-padding inherit_tablet inherit_phone\"  data-padding-pos=\"all\" data-has-bg-color=\"false\" data-bg-color=\"\" data-bg-opacity=\"1\" data-animation=\"\" data-delay=\"0\" >\n\t\t<div class=\"vc_column-inner\" >\n\t\t\t<div class=\"wpb_wrapper\">\n\t\t\t\t\n\t<div class=\"wpb_gallery wpb_content_element clearfix\">\n\t\t<div class=\"wpb_wrapper\"><div class=\"wpb_gallery_slidesparallax_image_grid\" data-onclick=\"link_image\" data-interval=\"5\"><div class=\"parallax-grid-item\"><div class=\"style-5\"><div class=\"parallaxImg\"><div class=\"parallaxImg-layer\"><img decoding=\"async\" class=\"skip-lazy\" src=\"https:\/\/qualitycopter.com\/wp-content\/uploads\/2021\/08\/DSC7494-scaled-600x400.jpeg\" width=\"600\" height=\"400\" alt=\"_DSC7494\" title=\"_DSC7494\" loading=\"lazy\" \/><a href=\"https:\/\/qualitycopter.com\/wp-content\/uploads\/2021\/08\/DSC7494-scaled.jpeg\"  class=\"default-link pretty_photo\"><\/a><\/div><\/div><\/div><\/div><div class=\"parallax-grid-item\"><div class=\"style-5\"><div class=\"parallaxImg\"><div class=\"parallaxImg-layer\"><img decoding=\"async\" class=\"skip-lazy\" src=\"https:\/\/qualitycopter.com\/wp-content\/uploads\/2021\/08\/DSC07866-scaled-600x400.jpeg\" width=\"600\" height=\"400\" alt=\"DSC07866\" title=\"DSC07866\" loading=\"lazy\" \/><a href=\"https:\/\/qualitycopter.com\/wp-content\/uploads\/2021\/08\/DSC07866-scaled.jpeg\"  class=\"default-link pretty_photo\"><\/a><\/div><\/div><\/div><\/div><div class=\"parallax-grid-item\"><div class=\"style-5\"><div class=\"parallaxImg\"><div class=\"parallaxImg-layer\"><img decoding=\"async\" class=\"skip-lazy\" src=\"https:\/\/qualitycopter.com\/wp-content\/uploads\/2021\/08\/DSC07733-scaled-600x400.jpeg\" width=\"600\" height=\"400\" alt=\"DSC07733\" title=\"DSC07733\" loading=\"lazy\" \/><a href=\"https:\/\/qualitycopter.com\/wp-content\/uploads\/2021\/08\/DSC07733-scaled.jpeg\"  class=\"default-link pretty_photo\"><\/a><\/div><\/div><\/div><\/div><div class=\"parallax-grid-item\"><div class=\"style-5\"><div class=\"parallaxImg\"><div class=\"parallaxImg-layer\"><img decoding=\"async\" class=\"skip-lazy\" src=\"https:\/\/qualitycopter.com\/wp-content\/uploads\/2021\/08\/DSC8049-scaled-600x400.jpeg\" width=\"600\" height=\"400\" alt=\"_DSC8049\" title=\"_DSC8049\" loading=\"lazy\" \/><a href=\"https:\/\/qualitycopter.com\/wp-content\/uploads\/2021\/08\/DSC8049-scaled.jpeg\"  class=\"default-link pretty_photo\"><\/a><\/div><\/div><\/div><\/div><\/div>\n\t\t<\/div> \n\t<\/div> \n\t\t\t<\/div> \n\t\t<\/div>\n\t<\/div> \n\n\t<div  class=\"vc_col-sm-6 wpb_column column_container vc_column_container col padding-2-percent inherit_tablet inherit_phone\"  data-padding-pos=\"top-bottom\" data-has-bg-color=\"false\" data-bg-color=\"\" data-bg-opacity=\"1\" data-animation=\"\" data-delay=\"0\" >\n\t\t<div class=\"vc_column-inner\" >\n\t\t\t<div class=\"wpb_wrapper\">\n\t\t\t\t<div class=\"nectar-split-heading\" data-align=\"default\" data-m-align=\"inherit\" data-text-effect=\"default\" data-animation-type=\"line-reveal-by-space\" data-animation-delay=\"0\" data-animation-offset=\"\" data-m-rm-animation=\"\" data-stagger=\"\" data-custom-font-size=\"false\" ><h2 >Bell 505 Jet Ranger X<\/h2><\/div><div id=\"fws_69e49fa4e87de\" data-midnight=\"\" data-column-margin=\"default\" class=\"wpb_row vc_row-fluid vc_row inner_row\"  style=\"padding-top: 20px; \"><div class=\"row-bg-wrap\"> <div class=\"row-bg\" ><\/div> <\/div><div class=\"row_col_wrap_12_inner col span_12  left\">\n\t<div  class=\"vc_col-sm-12 wpb_column column_container vc_column_container col child_column has-animation no-extra-padding inherit_tablet inherit_phone\"   data-padding-pos=\"all\" data-has-bg-color=\"false\" data-bg-color=\"\" data-bg-opacity=\"1\" data-animation=\"fade-in-from-bottom\" data-delay=\"0\" >\n\t\t<div class=\"vc_column-inner\" >\n\t\t<div class=\"wpb_wrapper\">\n\t\t\t\n<div class=\"wpb_text_column wpb_content_element\" >\n\t<div class=\"wpb_wrapper\">\n\t\t<p><strong>Motor:<\/strong>\u00a0Turbomeca Arrius 2R, turbinemotor<\/p>\n<p><strong>Hestekr\u00e6fter:<\/strong> 505HK under takeoff og 459HK under flyvningen.<\/p>\n<p><strong>Br\u00e6ndstof:<\/strong>\u00a0JETA1. Ved almindelig belastning, forbr\u00e6ndes der omkring 120liter i timen, hvilket giver en flyvetid p\u00e5 ca. 2,5 timer, p\u00e5 fuld tank.<\/p>\n<p><strong>M\u00e5l:<\/strong> L\u00e6ngde: 12,93m. H\u00f8jde 3,25m. Bredde: 2,16 (Bredde med bladene i rotation: 11,28m.)<\/p>\n<p><strong>B505:<\/strong>\u00a0Bell 505 er en nyere helikoptermodel, med mange teknologiske og mekaniske fordele. Den er desuden det eneste fart\u00f8j i fl\u00e5den med turbinemotor, i stedet for stempelmotor.<\/p>\n<p>&nbsp;<\/p>\n\t<\/div>\n<\/div>\n\n\n\n\n\t\t<\/div> \n\t<\/div>\n\t<\/div> \n<\/div><\/div>\n\t\t\t<\/div> \n\t\t<\/div>\n\t<\/div> \n<\/div><\/div>","protected":false},"excerpt":{"rendered":"Vores helikoptere Guimbal Cabri G2 Motor: Lycoming O-360: Boksermotor, 4 cylindre, 5,9l, luftk\u00f8let. Hestekr\u00e6fter: 160HK under takeoff og 145HK under flyvningen. Br\u00e6ndstof: AVGAS100LL. Ved almindelig belastning, forbr\u00e6ndes der omkring 38liter...","protected":false},"author":2,"featured_media":0,"parent":0,"menu_order":0,"comment_status":"closed","ping_status":"closed","template":"","meta":{"inline_featured_image":false,"footnotes":""},"class_list":["post-2906","page","type-page","status-publish"],"yoast_head":"<!-- This site is optimized with the Yoast SEO plugin v25.7 - https:\/\/yoast.com\/wordpress\/plugins\/seo\/ -->\n<title>Vores helikoptere - Qualitycopter<\/title>\n<meta name=\"robots\" content=\"index, follow, max-snippet:-1, max-image-preview:large, max-video-preview:-1\" \/>\n<link rel=\"canonical\" href=\"https:\/\/qualitycopter.com\/de\/vores-helikoptere\/\" \/>\n<meta property=\"og:locale\" content=\"de_DE\" \/>\n<meta property=\"og:type\" content=\"article\" \/>\n<meta property=\"og:title\" content=\"Vores helikoptere - Qualitycopter\" \/>\n<meta property=\"og:url\" content=\"https:\/\/qualitycopter.com\/de\/vores-helikoptere\/\" \/>\n<meta property=\"og:site_name\" content=\"Qualitycopter\" \/>\n<meta property=\"article:modified_time\" content=\"2021-08-26T13:26:25+00:00\" \/>\n<meta name=\"twitter:card\" content=\"summary_large_image\" \/>\n<meta name=\"twitter:label1\" content=\"Gesch\u00e4tzte Lesezeit\" \/>\n\t<meta name=\"twitter:data1\" content=\"9\u00a0Minuten\" \/>\n<script type=\"application\/ld+json\" class=\"yoast-schema-graph\">{\"@context\":\"https:\/\/schema.org\",\"@graph\":[{\"@type\":\"WebPage\",\"@id\":\"https:\/\/qualitycopter.com\/vores-helikoptere\/\",\"url\":\"https:\/\/qualitycopter.com\/vores-helikoptere\/\",\"name\":\"Vores helikoptere - Qualitycopter\",\"isPartOf\":{\"@id\":\"https:\/\/qualitycopter.com\/#website\"},\"datePublished\":\"2021-04-07T12:10:04+00:00\",\"dateModified\":\"2021-08-26T13:26:25+00:00\",\"breadcrumb\":{\"@id\":\"https:\/\/qualitycopter.com\/vores-helikoptere\/#breadcrumb\"},\"inLanguage\":\"de\",\"potentialAction\":[{\"@type\":\"ReadAction\",\"target\":[\"https:\/\/qualitycopter.com\/vores-helikoptere\/\"]}]},{\"@type\":\"BreadcrumbList\",\"@id\":\"https:\/\/qualitycopter.com\/vores-helikoptere\/#breadcrumb\",\"itemListElement\":[{\"@type\":\"ListItem\",\"position\":1,\"name\":\"Home\",\"item\":\"https:\/\/qualitycopter.com\/\"},{\"@type\":\"ListItem\",\"position\":2,\"name\":\"Vores helikoptere\"}]},{\"@type\":\"WebSite\",\"@id\":\"https:\/\/qualitycopter.com\/#website\",\"url\":\"https:\/\/qualitycopter.com\/\",\"name\":\"Qualitycopter\",\"description\":\"Become a helicopter pilot\",\"potentialAction\":[{\"@type\":\"SearchAction\",\"target\":{\"@type\":\"EntryPoint\",\"urlTemplate\":\"https:\/\/qualitycopter.com\/?s={search_term_string}\"},\"query-input\":{\"@type\":\"PropertyValueSpecification\",\"valueRequired\":true,\"valueName\":\"search_term_string\"}}],\"inLanguage\":\"de\"}]}<\/script>\n<!-- \/ Yoast SEO plugin. -->","yoast_head_json":{"title":"Vores helikoptere - Qualitycopter","robots":{"index":"index","follow":"follow","max-snippet":"max-snippet:-1","max-image-preview":"max-image-preview:large","max-video-preview":"max-video-preview:-1"},"canonical":"https:\/\/qualitycopter.com\/de\/vores-helikoptere\/","og_locale":"de_DE","og_type":"article","og_title":"Vores helikoptere - Qualitycopter","og_url":"https:\/\/qualitycopter.com\/de\/vores-helikoptere\/","og_site_name":"Qualitycopter","article_modified_time":"2021-08-26T13:26:25+00:00","twitter_card":"summary_large_image","twitter_misc":{"Gesch\u00e4tzte Lesezeit":"9\u00a0Minuten"},"schema":{"@context":"https:\/\/schema.org","@graph":[{"@type":"WebPage","@id":"https:\/\/qualitycopter.com\/vores-helikoptere\/","url":"https:\/\/qualitycopter.com\/vores-helikoptere\/","name":"Vores helikoptere - Qualitycopter","isPartOf":{"@id":"https:\/\/qualitycopter.com\/#website"},"datePublished":"2021-04-07T12:10:04+00:00","dateModified":"2021-08-26T13:26:25+00:00","breadcrumb":{"@id":"https:\/\/qualitycopter.com\/vores-helikoptere\/#breadcrumb"},"inLanguage":"de","potentialAction":[{"@type":"ReadAction","target":["https:\/\/qualitycopter.com\/vores-helikoptere\/"]}]},{"@type":"BreadcrumbList","@id":"https:\/\/qualitycopter.com\/vores-helikoptere\/#breadcrumb","itemListElement":[{"@type":"ListItem","position":1,"name":"Home","item":"https:\/\/qualitycopter.com\/"},{"@type":"ListItem","position":2,"name":"Vores helikoptere"}]},{"@type":"WebSite","@id":"https:\/\/qualitycopter.com\/#website","url":"https:\/\/qualitycopter.com\/","name":"Qualitycopter","description":"Become a helicopter pilot","potentialAction":[{"@type":"SearchAction","target":{"@type":"EntryPoint","urlTemplate":"https:\/\/qualitycopter.com\/?s={search_term_string}"},"query-input":{"@type":"PropertyValueSpecification","valueRequired":true,"valueName":"search_term_string"}}],"inLanguage":"de"}]}},"_links":{"self":[{"href":"https:\/\/qualitycopter.com\/de\/wp-json\/wp\/v2\/pages\/2906","targetHints":{"allow":["GET"]}}],"collection":[{"href":"https:\/\/qualitycopter.com\/de\/wp-json\/wp\/v2\/pages"}],"about":[{"href":"https:\/\/qualitycopter.com\/de\/wp-json\/wp\/v2\/types\/page"}],"author":[{"embeddable":true,"href":"https:\/\/qualitycopter.com\/de\/wp-json\/wp\/v2\/users\/2"}],"replies":[{"embeddable":true,"href":"https:\/\/qualitycopter.com\/de\/wp-json\/wp\/v2\/comments?post=2906"}],"version-history":[{"count":0,"href":"https:\/\/qualitycopter.com\/de\/wp-json\/wp\/v2\/pages\/2906\/revisions"}],"wp:attachment":[{"href":"https:\/\/qualitycopter.com\/de\/wp-json\/wp\/v2\/media?parent=2906"}],"curies":[{"name":"wp","href":"https:\/\/api.w.org\/{rel}","templated":true}]}}