{"id":2632,"date":"2020-02-25T16:36:56","date_gmt":"2020-02-25T16:36:56","guid":{"rendered":"https:\/\/qualitycopter.com\/?page_id=2632"},"modified":"2021-08-26T13:20:22","modified_gmt":"2021-08-26T13:20:22","slug":"vores-historie","status":"publish","type":"page","link":"https:\/\/qualitycopter.com\/de\/vores-historie\/","title":{"rendered":"Vores historie"},"content":{"rendered":"<div id=\"fws_69e4a0055e04e\"  data-column-margin=\"default\" data-midnight=\"light\"  class=\"wpb_row vc_row-fluid vc_row full-width-section parallax_section\"  style=\"padding-top: 0px; padding-bottom: 0px; \"><div class=\"row-bg-wrap\" data-bg-animation=\"none\" data-bg-animation-delay=\"\" data-bg-overlay=\"true\"><div class=\"inner-wrap row-bg-layer using-image\" ><div class=\"row-bg viewport-desktop using-image using-bg-color\" data-parallax-speed=\"fast\" style=\"background-image: url(https:\/\/qualitycopter.com\/wp-content\/uploads\/2021\/08\/IMG_0231-scaled.jpg); background-position: center center; background-repeat: no-repeat; background-color: #ffffff; \"><\/div><\/div><div class=\"row-bg-overlay row-bg-layer\" style=\"background-color:rgba(0,0,0,0.65);  opacity: 0.5; \"><\/div><\/div><div class=\"row_col_wrap_12 col span_12 light left\">\n\t<div  class=\"vc_col-sm-12 wpb_column column_container vc_column_container col has-animation no-extra-padding inherit_tablet inherit_phone\"  data-padding-pos=\"all\" data-has-bg-color=\"false\" data-bg-color=\"\" data-bg-opacity=\"1\" data-animation=\"fade-in\" data-delay=\"0\" >\n\t\t<div class=\"vc_column-inner\" >\n\t\t\t<div class=\"wpb_wrapper\">\n\t\t\t\t<div id=\"fws_69e4a0055f269\" data-midnight=\"\" data-column-margin=\"default\" class=\"wpb_row vc_row-fluid vc_row inner_row vc_row-o-equal-height vc_row-flex vc_row-o-content-middle\"  style=\"padding-top: 14%; padding-bottom: 18%; \"><div class=\"row-bg-wrap\"> <div class=\"row-bg\" ><\/div> <\/div><div class=\"row_col_wrap_12_inner col span_12  left\">\n\t<div  class=\"vc_col-sm-12 vc_hidden-sm vc_hidden-xs wpb_column column_container vc_column_container col child_column centered-text no-extra-padding inherit_tablet inherit_phone\"   data-padding-pos=\"all\" data-has-bg-color=\"false\" data-bg-color=\"\" data-bg-opacity=\"1\" data-animation=\"\" data-delay=\"0\" >\n\t\t<div class=\"vc_column-inner\" >\n\t\t<div class=\"wpb_wrapper\">\n\t\t\t\n<div class=\"wpb_text_column wpb_content_element\" >\n\t<div class=\"wpb_wrapper\">\n\t\t<h1 class=\"sow-headline\"><span style=\"color: #e2c675;\">VORES HISTORIE<\/span><\/h1>\n\t<\/div>\n<\/div>\n\n\n\n\n\t\t<\/div> \n\t<\/div>\n\t<\/div> \n<\/div><\/div>\n\t\t\t<\/div> \n\t\t<\/div>\n\t<\/div> \n<\/div><\/div>\n\t\t<div id=\"fws_69e4a00560d13\"  data-column-margin=\"90px\" data-midnight=\"dark\" data-top-percent=\"3%\" data-bottom-percent=\"3%\"  class=\"wpb_row vc_row-fluid vc_row vc_row-o-equal-height vc_row-flex vc_row-o-content-middle\"  style=\"padding-top: calc(100vw * 0.03); padding-bottom: calc(100vw * 0.03); \"><div class=\"row-bg-wrap\" data-bg-animation=\"none\" data-bg-animation-delay=\"\" data-bg-overlay=\"false\"><div class=\"inner-wrap row-bg-layer\" ><div class=\"row-bg viewport-desktop\"  style=\"\"><\/div><\/div><\/div><div class=\"row_col_wrap_12 col span_12 dark left\">\n\t<div  class=\"vc_col-sm-6 wpb_column column_container vc_column_container col no-extra-padding inherit_tablet inherit_phone\"  data-padding-pos=\"all\" data-has-bg-color=\"false\" data-bg-color=\"\" data-bg-opacity=\"1\" data-animation=\"\" data-delay=\"0\" >\n\t\t<div class=\"vc_column-inner\" >\n\t\t\t<div class=\"wpb_wrapper\">\n\t\t\t\t\n\t<div class=\"wpb_gallery wpb_content_element clearfix\">\n\t\t<div class=\"wpb_wrapper\"><div class=\"wpb_gallery_slidesparallax_image_grid\" data-onclick=\"link_image\" data-interval=\"5\"><div class=\"parallax-grid-item\"><div class=\"style-5\"><div class=\"parallaxImg\"><div class=\"parallaxImg-layer\"><img decoding=\"async\" class=\"skip-lazy\" src=\"https:\/\/qualitycopter.com\/wp-content\/uploads\/2021\/08\/IMG_3989-scaled-600x400.jpg\" width=\"600\" height=\"400\" alt=\"IMG_3989\" title=\"IMG_3989\" loading=\"lazy\" \/><a href=\"https:\/\/qualitycopter.com\/wp-content\/uploads\/2021\/08\/IMG_3989-scaled.jpg\"  class=\"default-link pretty_photo\"><\/a><\/div><\/div><\/div><\/div><div class=\"parallax-grid-item\"><div class=\"style-5\"><div class=\"parallaxImg\"><div class=\"parallaxImg-layer\"><img decoding=\"async\" class=\"skip-lazy\" src=\"https:\/\/qualitycopter.com\/wp-content\/uploads\/2021\/08\/IMG_1320-scaled-600x400.jpg\" width=\"600\" height=\"400\" alt=\"IMG_1320\" title=\"IMG_1320\" loading=\"lazy\" \/><a href=\"https:\/\/qualitycopter.com\/wp-content\/uploads\/2021\/08\/IMG_1320-scaled.jpg\"  class=\"default-link pretty_photo\"><\/a><\/div><\/div><\/div><\/div><div class=\"parallax-grid-item\"><div class=\"style-5\"><div class=\"parallaxImg\"><div class=\"parallaxImg-layer\"><img decoding=\"async\" class=\"skip-lazy\" src=\"https:\/\/qualitycopter.com\/wp-content\/uploads\/2021\/06\/IMG_0290-scaled-600x400.jpg\" width=\"600\" height=\"400\" alt=\"IMG_0290\" title=\"IMG_0290\" loading=\"lazy\" \/><a href=\"https:\/\/qualitycopter.com\/wp-content\/uploads\/2021\/06\/IMG_0290-scaled.jpg\"  class=\"default-link pretty_photo\"><\/a><\/div><\/div><\/div><\/div><div class=\"parallax-grid-item\"><div class=\"style-5\"><div class=\"parallaxImg\"><div class=\"parallaxImg-layer\"><img decoding=\"async\" class=\"skip-lazy\" src=\"https:\/\/qualitycopter.com\/wp-content\/uploads\/2021\/06\/DSC6761-scaled-600x400.jpg\" width=\"600\" height=\"400\" alt=\"_DSC6761\" title=\"_DSC6761\" loading=\"lazy\" \/><a href=\"https:\/\/qualitycopter.com\/wp-content\/uploads\/2021\/06\/DSC6761-scaled.jpg\"  class=\"default-link pretty_photo\"><\/a><\/div><\/div><\/div><\/div><\/div>\n\t\t<\/div> \n\t<\/div> \n\t\t\t<\/div> \n\t\t<\/div>\n\t<\/div> \n\n\t<div  class=\"vc_col-sm-6 wpb_column column_container vc_column_container col padding-2-percent inherit_tablet inherit_phone\"  data-padding-pos=\"top-bottom\" data-has-bg-color=\"false\" data-bg-color=\"\" data-bg-opacity=\"1\" data-animation=\"\" data-delay=\"0\" >\n\t\t<div class=\"vc_column-inner\" >\n\t\t\t<div class=\"wpb_wrapper\">\n\t\t\t\t<div id=\"fws_69e4a00566142\" data-midnight=\"\" data-column-margin=\"default\" class=\"wpb_row vc_row-fluid vc_row inner_row\"  style=\"padding-top: 20px; \"><div class=\"row-bg-wrap\"> <div class=\"row-bg\" ><\/div> <\/div><div class=\"row_col_wrap_12_inner col span_12  left\">\n\t<div  class=\"vc_col-sm-12 wpb_column column_container vc_column_container col child_column has-animation no-extra-padding inherit_tablet inherit_phone\"   data-padding-pos=\"all\" data-has-bg-color=\"false\" data-bg-color=\"\" data-bg-opacity=\"1\" data-animation=\"fade-in-from-bottom\" data-delay=\"0\" >\n\t\t<div class=\"vc_column-inner\" >\n\t\t<div class=\"wpb_wrapper\">\n\t\t\t\n<div class=\"wpb_text_column wpb_content_element\" >\n\t<div class=\"wpb_wrapper\">\n\t\t<p>QualityCopter blev etableret i 2018 som et nyt\u00e6nkt l\u00e6ringskoncept med erfarende kommercielle piloter som rollemodeller.<\/p>\n<p>Vores fundamentale mission var at skabe en uddannelse hvor elevens individuelle dannelsesproces til helikopterbranchen, l\u00f8bende blev etableret i en synergi af teori og praktisk l\u00e6ring. Omgivet af passionerede instrukt\u00f8rer som alle havde et tilh\u00f8rsforhold til den kommercielle verden. Grundet vores mange\u00e5rige branchekendskab var vi bevidste om, at vejen til en karriere i luften, for nyuddannede piloter, kr\u00e6vede et solidt og anerkendt netv\u00e6rk.<\/p>\n<p>&nbsp;<\/p>\n\t<\/div>\n<\/div>\n\n\n\n\n\t\t<\/div> \n\t<\/div>\n\t<\/div> \n<\/div><\/div>\n\t\t\t<\/div> \n\t\t<\/div>\n\t<\/div> \n<\/div><\/div>\n\t\t<div id=\"fws_69e4a00567c2b\"  data-column-margin=\"90px\" data-midnight=\"dark\" data-top-percent=\"3%\" data-bottom-percent=\"3%\"  class=\"wpb_row vc_row-fluid vc_row vc_row-o-equal-height vc_row-flex vc_row-o-content-middle\"  style=\"padding-top: calc(100vw * 0.03); padding-bottom: calc(100vw * 0.03); \"><div class=\"row-bg-wrap\" data-bg-animation=\"none\" data-bg-animation-delay=\"\" data-bg-overlay=\"false\"><div class=\"inner-wrap row-bg-layer\" ><div class=\"row-bg viewport-desktop\"  style=\"\"><\/div><\/div><\/div><div class=\"row_col_wrap_12 col span_12 dark left\">\n\t<div  class=\"vc_col-sm-6 wpb_column column_container vc_column_container col padding-2-percent inherit_tablet inherit_phone\"  data-padding-pos=\"top-bottom\" data-has-bg-color=\"false\" data-bg-color=\"\" data-bg-opacity=\"1\" data-animation=\"\" data-delay=\"0\" >\n\t\t<div class=\"vc_column-inner\" >\n\t\t\t<div class=\"wpb_wrapper\">\n\t\t\t\t<div id=\"fws_69e4a005682dd\" data-midnight=\"\" data-column-margin=\"default\" class=\"wpb_row vc_row-fluid vc_row inner_row\"  style=\"padding-top: 20px; \"><div class=\"row-bg-wrap\"> <div class=\"row-bg\" ><\/div> <\/div><div class=\"row_col_wrap_12_inner col span_12  left\">\n\t<div  class=\"vc_col-sm-12 wpb_column column_container vc_column_container col child_column has-animation no-extra-padding inherit_tablet inherit_phone\"   data-padding-pos=\"all\" data-has-bg-color=\"false\" data-bg-color=\"\" data-bg-opacity=\"1\" data-animation=\"fade-in-from-bottom\" data-delay=\"0\" >\n\t\t<div class=\"vc_column-inner\" >\n\t\t<div class=\"wpb_wrapper\">\n\t\t\t\n<div class=\"wpb_text_column wpb_content_element\" >\n\t<div class=\"wpb_wrapper\">\n\t\t<p>I august 2019 blev QualityCopter en selvst\u00e6ndig skole med rettighederne til uddannelse af helikopter piloter, afvikling af pr\u00f8velektioner og Licence Proficiency check (LPC). Flyveskolen er specialiseret i uddannelse p\u00e5 Cabri-G2 helikopter, men uddanner ogs\u00e5 p\u00e5 Robinson R44 og Bell 505.<\/p>\n<p>I 2021 fik vi godkendt vores kommercielle virksomhed SkyCopter.<\/p>\n<p>SkyCopter er vores elevers mulighed for at starte i den kommercielle branche under ordnede forhold og med de forventningskrav som vi ved branchen kr\u00e6ver.<\/p>\n<p>QualityCopter og SkyCopter har base p\u00e5 Kolding Lufthavn, hvor vi er godt placeret med egne teorilokaler og hangar. Lufthavnen ligger kun 10 km fra motorvejsafk\u00f8rslen V\/Kolding Syd.<\/p>\n<p>&nbsp;<\/p>\n\t<\/div>\n<\/div>\n\n\n\n\n\t\t<\/div> \n\t<\/div>\n\t<\/div> \n<\/div><\/div>\n\t\t\t<\/div> \n\t\t<\/div>\n\t<\/div> \n\n\t<div  class=\"vc_col-sm-6 wpb_column column_container vc_column_container col no-extra-padding inherit_tablet inherit_phone\"  data-padding-pos=\"all\" data-has-bg-color=\"false\" data-bg-color=\"\" data-bg-opacity=\"1\" data-animation=\"\" data-delay=\"0\" >\n\t\t<div class=\"vc_column-inner\" >\n\t\t\t<div class=\"wpb_wrapper\">\n\t\t\t\t\n\t<div class=\"wpb_gallery wpb_content_element clearfix\">\n\t\t<div class=\"wpb_wrapper\"><div class=\"wpb_gallery_slidesparallax_image_grid\" data-onclick=\"link_image\" data-interval=\"5\"><div class=\"parallax-grid-item\"><div class=\"style-5\"><div class=\"parallaxImg\"><div class=\"parallaxImg-layer\"><img decoding=\"async\" class=\"skip-lazy\" src=\"https:\/\/qualitycopter.com\/wp-content\/uploads\/2021\/04\/LUX00076-scaled-600x400.jpg\" width=\"600\" height=\"400\" alt=\"LUX00076\" title=\"LUX00076\" loading=\"lazy\" \/><a href=\"https:\/\/qualitycopter.com\/wp-content\/uploads\/2021\/04\/LUX00076-scaled.jpg\"  class=\"default-link pretty_photo\"><\/a><\/div><\/div><\/div><\/div><div class=\"parallax-grid-item\"><div class=\"style-5\"><div class=\"parallaxImg\"><div class=\"parallaxImg-layer\"><img decoding=\"async\" class=\"skip-lazy\" src=\"https:\/\/qualitycopter.com\/wp-content\/uploads\/2021\/08\/DSC07866-scaled-600x400.jpeg\" width=\"600\" height=\"400\" alt=\"DSC07866\" title=\"DSC07866\" loading=\"lazy\" \/><a href=\"https:\/\/qualitycopter.com\/wp-content\/uploads\/2021\/08\/DSC07866-scaled.jpeg\"  class=\"default-link pretty_photo\"><\/a><\/div><\/div><\/div><\/div><div class=\"parallax-grid-item\"><div class=\"style-5\"><div class=\"parallaxImg\"><div class=\"parallaxImg-layer\"><img decoding=\"async\" class=\"skip-lazy\" src=\"https:\/\/qualitycopter.com\/wp-content\/uploads\/2021\/06\/DSC7005-scaled-600x400.jpg\" width=\"600\" height=\"400\" alt=\"_DSC7005\" title=\"_DSC7005\" loading=\"lazy\" \/><a href=\"https:\/\/qualitycopter.com\/wp-content\/uploads\/2021\/06\/DSC7005-scaled.jpg\"  class=\"default-link pretty_photo\"><\/a><\/div><\/div><\/div><\/div><div class=\"parallax-grid-item\"><div class=\"style-5\"><div class=\"parallaxImg\"><div class=\"parallaxImg-layer\"><img decoding=\"async\" class=\"skip-lazy\" src=\"https:\/\/qualitycopter.com\/wp-content\/uploads\/2021\/06\/DSC8019-scaled-600x400.jpg\" width=\"600\" height=\"400\" alt=\"_DSC8019\" title=\"_DSC8019\" loading=\"lazy\" \/><a href=\"https:\/\/qualitycopter.com\/wp-content\/uploads\/2021\/06\/DSC8019-scaled.jpg\"  class=\"default-link pretty_photo\"><\/a><\/div><\/div><\/div><\/div><\/div>\n\t\t<\/div> \n\t<\/div> \n\t\t\t<\/div> \n\t\t<\/div>\n\t<\/div> \n<\/div><\/div>","protected":false},"excerpt":{"rendered":"VORES HISTORIE QualityCopter blev etableret i 2018 som et nyt\u00e6nkt l\u00e6ringskoncept med erfarende kommercielle piloter som rollemodeller. Vores fundamentale mission var at skabe en uddannelse hvor elevens individuelle dannelsesproces til...","protected":false},"author":2,"featured_media":0,"parent":0,"menu_order":0,"comment_status":"closed","ping_status":"closed","template":"","meta":{"inline_featured_image":false,"footnotes":""},"class_list":["post-2632","page","type-page","status-publish"],"yoast_head":"<!-- This site is optimized with the Yoast SEO plugin v25.7 - https:\/\/yoast.com\/wordpress\/plugins\/seo\/ -->\n<title>Vores historie - Qualitycopter<\/title>\n<meta name=\"robots\" content=\"index, follow, max-snippet:-1, max-image-preview:large, max-video-preview:-1\" \/>\n<link rel=\"canonical\" href=\"https:\/\/qualitycopter.com\/de\/vores-historie\/\" \/>\n<meta property=\"og:locale\" content=\"de_DE\" \/>\n<meta property=\"og:type\" content=\"article\" \/>\n<meta property=\"og:title\" content=\"Vores historie - Qualitycopter\" \/>\n<meta property=\"og:url\" content=\"https:\/\/qualitycopter.com\/de\/vores-historie\/\" \/>\n<meta property=\"og:site_name\" content=\"Qualitycopter\" \/>\n<meta property=\"article:modified_time\" content=\"2021-08-26T13:20:22+00:00\" \/>\n<meta name=\"twitter:card\" content=\"summary_large_image\" \/>\n<meta name=\"twitter:label1\" content=\"Gesch\u00e4tzte Lesezeit\" \/>\n\t<meta name=\"twitter:data1\" content=\"6\u00a0Minuten\" \/>\n<script type=\"application\/ld+json\" class=\"yoast-schema-graph\">{\"@context\":\"https:\/\/schema.org\",\"@graph\":[{\"@type\":\"WebPage\",\"@id\":\"https:\/\/qualitycopter.com\/vores-historie\/\",\"url\":\"https:\/\/qualitycopter.com\/vores-historie\/\",\"name\":\"Vores historie - Qualitycopter\",\"isPartOf\":{\"@id\":\"https:\/\/qualitycopter.com\/#website\"},\"datePublished\":\"2020-02-25T16:36:56+00:00\",\"dateModified\":\"2021-08-26T13:20:22+00:00\",\"breadcrumb\":{\"@id\":\"https:\/\/qualitycopter.com\/vores-historie\/#breadcrumb\"},\"inLanguage\":\"de\",\"potentialAction\":[{\"@type\":\"ReadAction\",\"target\":[\"https:\/\/qualitycopter.com\/vores-historie\/\"]}]},{\"@type\":\"BreadcrumbList\",\"@id\":\"https:\/\/qualitycopter.com\/vores-historie\/#breadcrumb\",\"itemListElement\":[{\"@type\":\"ListItem\",\"position\":1,\"name\":\"Home\",\"item\":\"https:\/\/qualitycopter.com\/\"},{\"@type\":\"ListItem\",\"position\":2,\"name\":\"Vores historie\"}]},{\"@type\":\"WebSite\",\"@id\":\"https:\/\/qualitycopter.com\/#website\",\"url\":\"https:\/\/qualitycopter.com\/\",\"name\":\"Qualitycopter\",\"description\":\"Become a helicopter pilot\",\"potentialAction\":[{\"@type\":\"SearchAction\",\"target\":{\"@type\":\"EntryPoint\",\"urlTemplate\":\"https:\/\/qualitycopter.com\/?s={search_term_string}\"},\"query-input\":{\"@type\":\"PropertyValueSpecification\",\"valueRequired\":true,\"valueName\":\"search_term_string\"}}],\"inLanguage\":\"de\"}]}<\/script>\n<!-- \/ Yoast SEO plugin. -->","yoast_head_json":{"title":"Vores historie - Qualitycopter","robots":{"index":"index","follow":"follow","max-snippet":"max-snippet:-1","max-image-preview":"max-image-preview:large","max-video-preview":"max-video-preview:-1"},"canonical":"https:\/\/qualitycopter.com\/de\/vores-historie\/","og_locale":"de_DE","og_type":"article","og_title":"Vores historie - Qualitycopter","og_url":"https:\/\/qualitycopter.com\/de\/vores-historie\/","og_site_name":"Qualitycopter","article_modified_time":"2021-08-26T13:20:22+00:00","twitter_card":"summary_large_image","twitter_misc":{"Gesch\u00e4tzte Lesezeit":"6\u00a0Minuten"},"schema":{"@context":"https:\/\/schema.org","@graph":[{"@type":"WebPage","@id":"https:\/\/qualitycopter.com\/vores-historie\/","url":"https:\/\/qualitycopter.com\/vores-historie\/","name":"Vores historie - Qualitycopter","isPartOf":{"@id":"https:\/\/qualitycopter.com\/#website"},"datePublished":"2020-02-25T16:36:56+00:00","dateModified":"2021-08-26T13:20:22+00:00","breadcrumb":{"@id":"https:\/\/qualitycopter.com\/vores-historie\/#breadcrumb"},"inLanguage":"de","potentialAction":[{"@type":"ReadAction","target":["https:\/\/qualitycopter.com\/vores-historie\/"]}]},{"@type":"BreadcrumbList","@id":"https:\/\/qualitycopter.com\/vores-historie\/#breadcrumb","itemListElement":[{"@type":"ListItem","position":1,"name":"Home","item":"https:\/\/qualitycopter.com\/"},{"@type":"ListItem","position":2,"name":"Vores historie"}]},{"@type":"WebSite","@id":"https:\/\/qualitycopter.com\/#website","url":"https:\/\/qualitycopter.com\/","name":"Qualitycopter","description":"Become a helicopter pilot","potentialAction":[{"@type":"SearchAction","target":{"@type":"EntryPoint","urlTemplate":"https:\/\/qualitycopter.com\/?s={search_term_string}"},"query-input":{"@type":"PropertyValueSpecification","valueRequired":true,"valueName":"search_term_string"}}],"inLanguage":"de"}]}},"_links":{"self":[{"href":"https:\/\/qualitycopter.com\/de\/wp-json\/wp\/v2\/pages\/2632","targetHints":{"allow":["GET"]}}],"collection":[{"href":"https:\/\/qualitycopter.com\/de\/wp-json\/wp\/v2\/pages"}],"about":[{"href":"https:\/\/qualitycopter.com\/de\/wp-json\/wp\/v2\/types\/page"}],"author":[{"embeddable":true,"href":"https:\/\/qualitycopter.com\/de\/wp-json\/wp\/v2\/users\/2"}],"replies":[{"embeddable":true,"href":"https:\/\/qualitycopter.com\/de\/wp-json\/wp\/v2\/comments?post=2632"}],"version-history":[{"count":0,"href":"https:\/\/qualitycopter.com\/de\/wp-json\/wp\/v2\/pages\/2632\/revisions"}],"wp:attachment":[{"href":"https:\/\/qualitycopter.com\/de\/wp-json\/wp\/v2\/media?parent=2632"}],"curies":[{"name":"wp","href":"https:\/\/api.w.org\/{rel}","templated":true}]}}